{"id":345,"date":"2025-03-18T09:55:12","date_gmt":"2025-03-18T08:55:12","guid":{"rendered":"https:\/\/foroapuestas.es\/pro\/?page_id=345"},"modified":"2025-03-18T09:55:12","modified_gmt":"2025-03-18T08:55:12","slug":"ideas","status":"publish","type":"page","link":"https:\/\/foroapuestas.es\/pro\/ideas\/","title":{"rendered":"Env\u00eda tus ideas"},"content":{"rendered":"<p data-start=\"2810\" data-end=\"3168\">En <strong data-start=\"2813\" data-end=\"2832\">ForoApuestas.es<\/strong>, siempre estamos en busca de <strong data-start=\"2862\" data-end=\"2900\">nuevas ideas y contenido innovador<\/strong> para mejorar la experiencia de nuestra comunidad. Sabemos que muchos de nuestros seguidores tienen grandes conocimientos y perspectivas \u00fanicas sobre el mundo de las apuestas y el deporte. <strong data-start=\"3089\" data-end=\"3166\">Si tienes una idea que crees que puede aportar valor, queremos conocerla.<\/strong><\/p>\n<h2 data-start=\"3170\" data-end=\"3217\"><strong data-start=\"3175\" data-end=\"3215\">\u00bfQu\u00e9 tipo de ideas puedes enviarnos?<\/strong><\/h2>\n<p data-start=\"3218\" data-end=\"4171\"><strong data-start=\"3221\" data-end=\"3264\">Nuevas secciones o categor\u00edas en la web<\/strong>: \u00bfTe gustar\u00eda ver un espacio dedicado a estrategias avanzadas? \u00bfCrees que falta una secci\u00f3n sobre apuestas en deportes menos convencionales? Cu\u00e9ntanos tu propuesta.<br data-start=\"3429\" data-end=\"3432\" \/><strong data-start=\"3435\" data-end=\"3470\">Ideas para art\u00edculos y an\u00e1lisis<\/strong>: Si crees que hay un tema interesante sobre apuestas que a\u00fan no hemos tratado, prop\u00f3nlo. Puede ser un an\u00e1lisis sobre un mercado poco explorado, un art\u00edculo sobre c\u00f3mo gestionar el bankroll o cualquier otro contenido relevante.<br data-start=\"3697\" data-end=\"3700\" \/><a href=\"https:\/\/foroapuestas.es\/pro\/unete\/\"><strong data-start=\"3703\" data-end=\"3744\">Colaboraciones y proyectos especiales<\/strong><\/a>: \u00bfTienes una idea para un estudio profundo sobre tendencias en las apuestas? \u00bfQuieres proponer una serie de art\u00edculos o una investigaci\u00f3n detallada sobre la industria del juego? Nos interesa saberlo.<br data-start=\"3944\" data-end=\"3947\" \/><strong data-start=\"3950\" data-end=\"3997\">Contenido multimedia y formatos innovadores<\/strong>: Si tienes experiencia en creaci\u00f3n de videos, gr\u00e1ficos interactivos, podcasts o cualquier otro formato que pueda aportar valor a la comunidad, tambi\u00e9n queremos escucharte.<\/p>\n<h3 data-start=\"4173\" data-end=\"4211\"><strong data-start=\"4178\" data-end=\"4209\">\u00bfPor qu\u00e9 enviarnos tu idea?<\/strong><\/h3>\n<ol>\n<li data-start=\"4212\" data-end=\"4616\"><strong data-start=\"4214\" data-end=\"4344\">Tendr\u00e1s la oportunidad de ver tu contenido publicado en una de las plataformas de referencia en apuestas deportivas en Espa\u00f1a.<\/strong><\/li>\n<li data-start=\"4212\" data-end=\"4616\"><strong data-start=\"4349\" data-end=\"4460\">Podr\u00e1s colaborar con un equipo de expertos que te ayudar\u00e1n a pulir tu propuesta y llevarla al m\u00e1ximo nivel.<\/strong><\/li>\n<li data-start=\"4212\" data-end=\"4616\"><strong data-start=\"4465\" data-end=\"4614\">Si tu idea es aceptada, recibir\u00e1s reconocimiento dentro de la comunidad y la posibilidad de seguir colaborando con nosotros en futuros proyectos.<\/strong><\/li>\n<\/ol>\n<p data-start=\"4618\" data-end=\"4873\">Si crees que puedes aportar algo nuevo y valioso, env\u00eda un email a <strong>ideas (arroba) foroapuestas.es<\/strong> y cu\u00e9ntanos tu propuesta con el mayor detalle posible. Cuanto m\u00e1s elaborada sea tu idea, m\u00e1s posibilidades tendr\u00e1s de verla hecha realidad en <strong data-start=\"4851\" data-end=\"4870\">ForoApuestas.es<\/strong>.<\/p>\n","protected":false},"excerpt":{"rendered":"<p class=\"subtitle\">En ForoApuestas.es, siempre estamos en busca de nuevas ideas y contenido innovador para mejorar la experiencia de nuestra comunidad. Sabemos que muchos de nuestros seguidores tienen grandes conocimientos y perspectivas \u00fanicas sobre el mundo de las apuestas y el deporte. Si tienes una idea que crees que puede aportar valor, queremos conocerla. \u00bfQu\u00e9 tipo de &#8230; <a title=\"Env\u00eda tus ideas\" class=\"read-more\" href=\"https:\/\/foroapuestas.es\/pro\/ideas\/\" aria-label=\"Leer m\u00e1s sobre Env\u00eda tus ideas\">Leer m\u00e1s<\/a>\n<\/p>","protected":false},"author":1,"featured_media":0,"parent":0,"menu_order":0,"comment_status":"closed","ping_status":"closed","template":"","meta":{"footnotes":""},"class_list":["post-345","page","type-page","status-publish"],"_links":{"self":[{"href":"https:\/\/foroapuestas.es\/pro\/wp-json\/wp\/v2\/pages\/345","targetHints":{"allow":["GET"]}}],"collection":[{"href":"https:\/\/foroapuestas.es\/pro\/wp-json\/wp\/v2\/pages"}],"about":[{"href":"https:\/\/foroapuestas.es\/pro\/wp-json\/wp\/v2\/types\/page"}],"author":[{"embeddable":true,"href":"https:\/\/foroapuestas.es\/pro\/wp-json\/wp\/v2\/users\/1"}],"replies":[{"embeddable":true,"href":"https:\/\/foroapuestas.es\/pro\/wp-json\/wp\/v2\/comments?post=345"}],"version-history":[{"count":0,"href":"https:\/\/foroapuestas.es\/pro\/wp-json\/wp\/v2\/pages\/345\/revisions"}],"wp:attachment":[{"href":"https:\/\/foroapuestas.es\/pro\/wp-json\/wp\/v2\/media?parent=345"}],"curies":[{"name":"wp","href":"https:\/\/api.w.org\/{rel}","templated":true}]}}