{"id":346,"date":"2025-03-18T09:55:09","date_gmt":"2025-03-18T08:55:09","guid":{"rendered":"https:\/\/foroapuestas.es\/pro\/?page_id=346"},"modified":"2025-03-18T09:55:09","modified_gmt":"2025-03-18T08:55:09","slug":"unete","status":"publish","type":"page","link":"https:\/\/foroapuestas.es\/pro\/unete\/","title":{"rendered":"Escribe en ForoApuestas.es"},"content":{"rendered":"<p data-start=\"79\" data-end=\"363\">Si te apasiona el mundo del deporte y las apuestas, <strong data-start=\"131\" data-end=\"150\">ForoApuestas.es<\/strong> es el lugar perfecto para ti. Estamos en b\u00fasqueda de <strong data-start=\"204\" data-end=\"300\">colaboradores independientes, periodistas, tipsters y entusiastas de las apuestas deportivas<\/strong> que quieran compartir su conocimiento con nuestra comunidad.<\/p>\n<p data-start=\"365\" data-end=\"671\">No importa si eres un experto con a\u00f1os de experiencia en el sector o un aficionado con buen ojo para las estad\u00edsticas y el an\u00e1lisis deportivo. Si tienes talento para escribir y ganas de aportar contenido de calidad sobre apuestas, estrategias, pron\u00f3sticos o actualidad deportiva, queremos contar contigo.<\/p>\n<h2 data-start=\"673\" data-end=\"698\"><strong data-start=\"678\" data-end=\"696\">\u00bfQu\u00e9 buscamos?<\/strong><\/h2>\n<ol>\n<li data-start=\"699\" data-end=\"1429\"><strong data-start=\"702\" data-end=\"729\">Redactores de contenido<\/strong>: Si disfrutas escribiendo an\u00e1lisis de partidos, estrategias de apuestas o gu\u00edas sobre c\u00f3mo apostar con inteligencia, aqu\u00ed tienes un espacio para compartir tus conocimientos.<\/li>\n<li data-start=\"699\" data-end=\"1429\"><strong data-start=\"909\" data-end=\"933\">Tipsters y analistas<\/strong>: Buscamos expertos en mercados de apuestas, que sepan detectar cuotas con valor y ofrecer pron\u00f3sticos bien fundamentados.<\/li>\n<li data-start=\"699\" data-end=\"1429\"><strong data-start=\"1061\" data-end=\"1095\">Creadores de contenido digital<\/strong>: Si eres bueno con la edici\u00f3n de video, la creaci\u00f3n de infograf\u00edas o el an\u00e1lisis de datos en formato visual, tambi\u00e9n puedes colaborar con nosotros.<\/li>\n<li data-start=\"699\" data-end=\"1429\"><strong data-start=\"1249\" data-end=\"1281\">Investigadores de tendencias<\/strong>: Si te gusta explorar nuevas oportunidades en el mundo de las apuestas deportivas y analizar c\u00f3mo evolucionan los mercados, tu aporte ser\u00e1 clave.<\/li>\n<\/ol>\n<h3 data-start=\"1431\" data-end=\"1479\"><strong data-start=\"1436\" data-end=\"1477\">\u00bfPor qu\u00e9 escribir en ForoApuestas.es?<\/strong><\/h3>\n<ul>\n<li data-start=\"1480\" data-end=\"2119\"><strong data-start=\"1482\" data-end=\"1514\">Visibilidad y reconocimiento<\/strong>: Tus an\u00e1lisis y pron\u00f3sticos llegar\u00e1n a una comunidad activa de apostadores y aficionados al deporte en Espa\u00f1a.<\/li>\n<li data-start=\"1480\" data-end=\"2119\"><strong data-start=\"1630\" data-end=\"1660\">Oportunidad de crecimiento<\/strong>: Si te interesa desarrollar tu carrera en el mundo del periodismo deportivo o las apuestas, esta es una gran oportunidad para ganar experiencia.<\/li>\n<li data-start=\"1480\" data-end=\"2119\"><strong data-start=\"1810\" data-end=\"1832\">Flexibilidad total<\/strong>: Como colaborador independiente, puedes escribir cuando quieras y sobre los temas que m\u00e1s te apasionan dentro del mundo del deporte y las apuestas.<\/li>\n<li data-start=\"1480\" data-end=\"2119\"><strong data-start=\"1985\" data-end=\"2012\">Comunidad y aprendizaje<\/strong>: Formar\u00e1s parte de un equipo de expertos con los que podr\u00e1s intercambiar ideas y mejorar constantemente.<\/li>\n<\/ul>\n<h4 data-start=\"2121\" data-end=\"2169\"><strong data-start=\"2126\" data-end=\"2167\">Tem\u00e1ticas en las que puedes colaborar<\/strong><\/h4>\n<ul>\n<li data-start=\"2170\" data-end=\"2461\">An\u00e1lisis y pron\u00f3sticos deportivos<\/li>\n<li data-start=\"2170\" data-end=\"2461\">Estrategias de apuestas y gu\u00edas para principiantes<\/li>\n<li data-start=\"2170\" data-end=\"2461\">Noticias de actualidad relacionadas con el deporte y las apuestas<\/li>\n<li data-start=\"2170\" data-end=\"2461\">Estudios de tendencias en cuotas y mercados de apuestas<\/li>\n<li data-start=\"2170\" data-end=\"2461\">Opini\u00f3n y debates sobre el sector de las apuestas en Espa\u00f1a<\/li>\n<\/ul>\n<p data-start=\"2463\" data-end=\"2723\">Si te interesa ser parte de <strong data-start=\"2491\" data-end=\"2510\">ForoApuestas.es<\/strong>, m\u00e1ndanos un email a <strong>colaborar (arroba) foroapuestas.es<\/strong> y cu\u00e9ntanos un poco sobre ti, tu experiencia y los temas sobre los que te gustar\u00eda escribir.<\/p>\n<p data-start=\"2463\" data-end=\"2723\"><strong data-start=\"2642\" data-end=\"2718\">\u00a1\u00danete a nuestra comunidad y lleva tus conocimientos al siguiente nivel!<\/strong> \ud83d\udc47<\/p>\n","protected":false},"excerpt":{"rendered":"<p class=\"subtitle\">Si te apasiona el mundo del deporte y las apuestas, ForoApuestas.es es el lugar perfecto para ti. Estamos en b\u00fasqueda de colaboradores independientes, periodistas, tipsters y entusiastas de las apuestas deportivas que quieran compartir su conocimiento con nuestra comunidad. No importa si eres un experto con a\u00f1os de experiencia en el sector o un aficionado &#8230; <a title=\"Escribe en ForoApuestas.es\" class=\"read-more\" href=\"https:\/\/foroapuestas.es\/pro\/unete\/\" aria-label=\"Leer m\u00e1s sobre Escribe en ForoApuestas.es\">Leer m\u00e1s<\/a>\n<\/p>","protected":false},"author":1,"featured_media":0,"parent":0,"menu_order":0,"comment_status":"closed","ping_status":"closed","template":"","meta":{"footnotes":""},"class_list":["post-346","page","type-page","status-publish"],"_links":{"self":[{"href":"https:\/\/foroapuestas.es\/pro\/wp-json\/wp\/v2\/pages\/346","targetHints":{"allow":["GET"]}}],"collection":[{"href":"https:\/\/foroapuestas.es\/pro\/wp-json\/wp\/v2\/pages"}],"about":[{"href":"https:\/\/foroapuestas.es\/pro\/wp-json\/wp\/v2\/types\/page"}],"author":[{"embeddable":true,"href":"https:\/\/foroapuestas.es\/pro\/wp-json\/wp\/v2\/users\/1"}],"replies":[{"embeddable":true,"href":"https:\/\/foroapuestas.es\/pro\/wp-json\/wp\/v2\/comments?post=346"}],"version-history":[{"count":0,"href":"https:\/\/foroapuestas.es\/pro\/wp-json\/wp\/v2\/pages\/346\/revisions"}],"wp:attachment":[{"href":"https:\/\/foroapuestas.es\/pro\/wp-json\/wp\/v2\/media?parent=346"}],"curies":[{"name":"wp","href":"https:\/\/api.w.org\/{rel}","templated":true}]}}